{"id":1,"date":"2019-09-10T06:53:22","date_gmt":"2019-09-10T06:53:22","guid":{"rendered":"http:\/\/parturikampaamosavel.site\/?p=1"},"modified":"2024-01-19T20:23:11","modified_gmt":"2024-01-19T20:23:11","slug":"home","status":"publish","type":"page","link":"https:\/\/parturikampaamosavel.fi\/","title":{"rendered":"Etusivu"},"content":{"rendered":"<ul>\n<li>\n<p>        <img decoding=\"async\" src=\"\/wp-content\/uploads\/2021\/06\/Kuva1-1.png\" alt=\"\"><\/p>\n<p>Tervetuloa S\u00e4veleen!<\/p>\n<div>\n<p><img decoding=\"async\" src=\"https:\/\/parturikampaamosavel.fi\/wp-content\/uploads\/2021\/06\/logo.png\" alt=\"parturikampaamosavel\" width=\"450\" \/><\/p>\n<\/div>\n<p><a href=\"https:\/\/timma.fi\/parturikampaamosavel\">Varaa aika<\/a><\/p>\n<\/li>\n<li>\n<p>        <img decoding=\"async\" src=\"\/wp-content\/uploads\/2021\/06\/Kuva_2-1.png\" alt=\"\"><\/p>\n<p>Tervetuloa S\u00e4veleen!<\/p>\n<div>\n<p><img decoding=\"async\" src=\"https:\/\/parturikampaamosavel.fi\/wp-content\/uploads\/2021\/06\/logo.png\" alt=\"parturikampaamosavel\" width=\"450\" \/><\/p>\n<\/div>\n<p><a href=\"https:\/\/timma.fi\/parturikampaamosavel\">Ajanvaraus<\/a><\/p>\n<\/li>\n<li>\n<p>        <img decoding=\"async\" src=\"\/wp-content\/uploads\/2021\/06\/Kuva3-1.png\" alt=\"\"><\/p>\n<p>Tervetuloa S\u00e4veleen!<\/p>\n<div>\n<p><img decoding=\"async\" src=\"https:\/\/parturikampaamosavel.fi\/wp-content\/uploads\/2021\/06\/logo.png\" alt=\"parturikampaamosavel\" width=\"450\" \/><\/p>\n<\/div>\n<p><a href=\"https:\/\/timma.fi\/parturikampaamosavel\">Ajanvaraus<\/a><\/p>\n<\/li>\n<\/ul>\n<h2>Ammattitaidolla ja yksil\u00f6llisesti<\/h2>\n<h1>Tervetuloa S\u00e4veleen!<\/h1>\n<p>\n    <a href=\"https:\/\/timma.fi\/parturikampaamosavel\">Varaa aika<\/a>\n<\/p>\n<ul>\n<li>\n<p>        <img decoding=\"async\" src=\"\/wp-content\/uploads\/2021\/06\/Kuva1-1.png\" alt=\"\"><\/p>\n<\/li>\n<li>\n<p>        <img decoding=\"async\" src=\"\/wp-content\/uploads\/2021\/06\/Kuva_2-1.png\" alt=\"\"><\/p>\n<\/li>\n<li>\n<p>        <img decoding=\"async\" src=\"\/wp-content\/uploads\/2021\/06\/Kuva3-1.png\" alt=\"\"><\/p>\n<\/li>\n<\/ul>\n<h2>Ajanvaraus<\/h2>\n<div>\n<style>\n       .errordiv { padding:10px; margin:10px; border: 1px solid #555555;color: #000000;background-color: #f8f8f8; width:500px; }#not_set {visibility:visible;opacity:1;vertical-align:top;}.ai-info-bottom-iframe { position: fixed; z-index: 10000; bottom:0; left: 0; margin: 0px; text-align: center; width: 100%; background-color: #ff9999; padding-left: 5px;padding-bottom: 5px; border-top: 1px solid #aaa } a.ai-bold {font-weight: bold;}#ai-layer-div-not_set p {height:100%;margin:0;padding:0}<\/style><script type=\"text\/javascript\">var ai_iframe_width_not_set = 0;var ai_iframe_height_not_set = 0;function aiReceiveMessagenot_set(event) {  aiProcessMessage(event,\"not_set\", \"true\",\"\",\"false\",\"false\");}if (window.addEventListener) {  window.addEventListener(\"message\", aiReceiveMessagenot_set);} else if (el.attachEvent)  {  el.attachEvent(\"message\", aiReceiveMessagenot_set);}var aiOnloadScrollTop=\"true\";var aiShowDebug=false;\n\t\tif (typeof aiReadyCallbacks === 'undefined') {\n\t\t\tvar aiReadyCallbacks = [];\n\t\t} else if (!(aiReadyCallbacks instanceof Array)) {\n\t\t\tvar aiReadyCallbacks = [];\n\t\t}    function aiShowIframeId(id_iframe) { jQuery(\"#\"+id_iframe).css(\"visibility\", \"visible\");    }    function aiResizeIframeHeight(height) { aiResizeIframeHeight(height,not_set); }    function aiResizeIframeHeightId(height,width,id) {aiResizeIframeHeightById(id,height);}<\/script><iframe id=\"not_set\"  name=\"not_set\"  src=\"https:\/\/timma.fi\/parturikampaamosavel\"  width=\"800\"  height=\"900\"  frameborder=\"0\"  border=\"0\"  allowtransparency=\"true\"  loading=\"lazy\"  style=\";border-width: 0px;;border: none;;width:800px;;height:900px;\" ><\/iframe><script type=\"text\/javascript\">var ifrm_not_set = document.getElementById(\"not_set\");var hiddenTabsDonenot_set = false;\nfunction resizeCallbacknot_set() {}<\/script><script type=\"text\/javascript\"><\/script><p style=\"display:block !important; visibility:visible !important;margin: -18px 14px 0 0;padding-left: 3px;padding-top:3px;background: white; overflow: hidden; position: relative; line-height:15px;width: fit-content;\"><small style=\"display:block !important;visibility:visible !important\">powered by Advanced iFrame<\/small><\/p>\n<\/div>\n<p>\n    <a href=\"https:\/\/timma.fi\/parturikampaamosavel\">T\u00e4st\u00e4 ajanvaraukseen<\/a>\n<\/p>\n<h2>Sijainti<\/h2>\n<div>\n<p>61.4874,21.7913<\/p>\n<h3>Parturi-Kampaamo S\u00e4vel<\/h3>\n<div>\n<p><span>Puhelin: <a href=\"tel:+35826333337\">02 633 3337<\/a><br \/>S\u00e4hk\u00f6posti: <a href=\"mailto:info@parturikampaamosavel.fi\">info@parturikampaamosavel.fi<\/a><br \/><\/span><span><a href=\"https:\/\/goo.gl\/maps\/HdKrgR2wD3eZxq6p7\">Gallen-Kallelankatu 13, Pori<\/a><\/span><\/p>\n<\/div>\n<\/div>\n<h2>Yhteys<\/h2>\n<p><img decoding=\"async\" src=\"\/wp-content\/uploads\/2021\/07\/Parturikampaamo_savel.jpg\" alt=\"\"><\/p>\n<div>\n<p>Yhteystiedot<\/p>\n<\/div>\n<h2><a href=\"tel:+99555123456\"><a href=\"tel:+35826333337\">02 633 3337<\/a><\/a><\/h2>\n<p>\n    <a href=\"mailto:info@parturikampaamosavel.fi\">L\u00e4het\u00e4 s\u00e4hk\u00f6postia<\/a>\n<\/p>\n<ul>\n<li>\n<h3>Avoinna<\/h3>\n<div>\n<p>Tiistai &#8211; perjantai: 10 &#8211; 17<br \/>Lauantai: 09 &#8211; 13<br \/>Sunnuntai &#8211; maanantai: suljettu<\/p>\n<\/div>\n<\/li>\n<li>\n<h3>Osoite<\/h3>\n<div>\n<p>Gallen-Kallelankatu 13<br \/>28100 PORI<\/p>\n<\/div>\n<\/li>\n<\/ul>\n<div>\n<p><i class=\"\">Liikkeen edess\u00e4 on 1 h kiekkopaikka ja korttelin s\u00e4teell\u00e4 l\u00f6ytyy paljon ilmaista parkkitilaa.<\/i><\/p>\n<\/div>\n<ul>\n<li><a href=\"https:\/\/www.facebook.com\/ParturiKampaamoSavel\">facebook<\/a>\n<\/li>\n<li><a href=\"https:\/\/www.instagram.com\/parturikampaamosavel\/\">instagram<\/a>\n<\/li>\n<\/ul>\n<ul>\n<li>\n        <a href=\"#Etusivu\">Yl\u00f6s<\/a>\n    <\/li>\n<li>\n        <a href=\"#Instagram\">Instagram<\/a>\n    <\/li>\n<li>\n        <a href=\"#Ajanvaraus\">Ajanvaraus<\/a>\n    <\/li>\n<li>\n        <a href=\"#Sijainti\">Sijainti<\/a>\n    <\/li>\n<li>\n        <a href=\"#Yhteys\">Yhteys<\/a>\n    <\/li>\n<\/ul>\n<p><img decoding=\"async\" src=\"\/wp-content\/uploads\/2021\/06\/logo_musta.png\" alt=\"\"><\/p>\n<div>\n<p>\u00a9 <script> document.currentScript.insertAdjacentHTML('afterend', '<time datetime=\"' + new Date().toJSON() + '\">' + new Intl.DateTimeFormat(document.documentElement.lang, {year: 'numeric'}).format() + '<\/time>'); <\/script> Parturi-Kampaamo S\u00e4vel. Kaikki oikeudet pidet\u00e4\u00e4n.<br \/>Powered by <a class=\"uk-link-text\" href=\"https:\/\/design.yt\/\">WWW Design<\/a>.<\/p>\n<\/div>\n<p><!--more--><br \/>\n<!-- {\"name\":\"Home\",\"type\":\"layout\",\"children\":[{\"name\":\"Etusivu\",\"type\":\"section\",\"props\":{\"class\":\"demo\",\"header_transparent\":\"dark\",\"header_transparent_noplaceholder\":true,\"height\":\"full\",\"id\":\"Etusivu\",\"image_position\":\"center-center\",\"padding\":\"none\",\"padding_remove_bottom\":true,\"padding_remove_top\":true,\"preserve_color\":false,\"style\":\"secondary\",\"title_breakpoint\":\"xl\",\"title_position\":\"top-left\",\"title_rotation\":\"left\",\"vertical_align\":\"middle\",\"width\":\"\"},\"children\":[{\"type\":\"row\",\"children\":[{\"type\":\"column\",\"props\":{\"image_position\":\"center-center\",\"position_sticky_breakpoint\":\"m\",\"width_medium\":\"1-1\"},\"children\":[{\"type\":\"slideshow\",\"props\":{\"css\":\".uk-button-secondary {\\n    background-color: rgba(41,41,44,0);\\n    color: #fff;\\n    background-image: linear-gradient(90deg,#9e38a7 62.5%,transparent 62.5%);\\n}\",\"image_width\":\"2560\",\"link_fullwidth\":false,\"link_parallax_y\":\"-60,0,190\",\"link_style\":\"secondary\",\"link_target\":true,\"link_text\":\"Varaa aika\",\"margin\":\"default\",\"meta_align\":\"below-content\",\"meta_element\":\"div\",\"meta_parallax_y\":\"70,0,-100\",\"meta_style\":\"h1\",\"nav\":\"\",\"nav_align\":\"center\",\"nav_breakpoint\":\"s\",\"nav_position\":\"bottom-center\",\"nav_position_margin\":\"large\",\"overlay_animation\":\"parallax\",\"overlay_container\":\"large\",\"overlay_position\":\"center-left\",\"overlay_width\":\"xlarge\",\"show_content\":true,\"show_link\":true,\"show_meta\":true,\"show_thumbnail\":true,\"show_title\":true,\"slidenav\":\"\",\"slidenav_breakpoint\":\"s\",\"slidenav_margin\":\"medium\",\"slidenav_outside_breakpoint\":\"xl\",\"slideshow_animation\":\"pull\",\"slideshow_autoplay\":true,\"slideshow_autoplay_pause\":true,\"slideshow_height\":\"full\",\"slideshow_max_height\":\"900\",\"slideshow_min_height\":\"600\",\"slideshow_velocity\":\"1.4\",\"text_align\":\"left\",\"text_align_breakpoint\":\"s\",\"text_align_fallback\":\"center\",\"thumbnav_height\":\"95\",\"thumbnav_svg_color\":\"emphasis\",\"thumbnav_width\":\"110\",\"title_element\":\"h2\",\"title_parallax_x\":\"320,0,-250\",\"title_style\":\"heading-medium\",\"visibility\":\"m\"},\"children\":[{\"type\":\"slideshow_item\",\"props\":{\"content\":\"\n\n<p><img src=\\\"https:\\\/\\\/parturikampaamosavel.fi\\\/wp-content\\\/uploads\\\/2021\\\/06\\\/logo.png\\\" alt=\\\"parturikampaamosavel\\\" width=\\\"450\\\" \\\/><\\\/p>\",\"image\":\"wp-content\\\/uploads\\\/2021\\\/06\\\/Kuva1-1.png\",\"link\":\"https:\\\/\\\/timma.fi\\\/parturikampaamosavel\",\"meta\":\"Tervetuloa S\\u00e4veleen!\",\"title\":\"\"}},{\"type\":\"slideshow_item\",\"props\":{\"content\":\"\n\n<p><img src=\\\"https:\\\/\\\/parturikampaamosavel.fi\\\/wp-content\\\/uploads\\\/2021\\\/06\\\/logo.png\\\" alt=\\\"parturikampaamosavel\\\" width=\\\"450\\\" \\\/><\\\/p>\",\"image\":\"wp-content\\\/uploads\\\/2021\\\/06\\\/Kuva_2-1.png\",\"link\":\"https:\\\/\\\/timma.fi\\\/parturikampaamosavel\",\"link_text\":\"Ajanvaraus\",\"meta\":\"Tervetuloa S\\u00e4veleen!\",\"title\":\"\"}},{\"type\":\"slideshow_item\",\"props\":{\"content\":\"\n\n<p><img src=\\\"https:\\\/\\\/parturikampaamosavel.fi\\\/wp-content\\\/uploads\\\/2021\\\/06\\\/logo.png\\\" alt=\\\"parturikampaamosavel\\\" width=\\\"450\\\" \\\/><\\\/p>\",\"image\":\"wp-content\\\/uploads\\\/2021\\\/06\\\/Kuva3-1.png\",\"link\":\"https:\\\/\\\/timma.fi\\\/parturikampaamosavel\",\"link_text\":\"Ajanvaraus\",\"meta\":\"Tervetuloa S\\u00e4veleen!\",\"title\":\"\"}}]},{\"type\":\"headline\",\"props\":{\"content\":\"Ammattitaidolla ja yksil\\u00f6llisesti\",\"text_align\":\"center\",\"title_element\":\"h2\",\"title_style\":\"h4\",\"visibility\":\"hidden-m\"}},{\"type\":\"headline\",\"props\":{\"content\":\"Tervetuloa S\\u00e4veleen!\",\"margin_remove_top\":true,\"text_align\":\"center\",\"title_element\":\"h1\",\"title_style\":\"h1\",\"visibility\":\"hidden-m\"}},{\"type\":\"button\",\"props\":{\"css\":\".uk-button-secondary {\\n    background-color: rgba(41,41,44,0);\\n    color: #fff;\\n    background-image: linear-gradient(90deg,#9e38a7 62.5%,transparent 62.5%);\\n}\",\"grid_column_gap\":\"small\",\"grid_row_gap\":\"small\",\"margin\":\"default\",\"text_align\":\"center\",\"visibility\":\"hidden-m\"},\"children\":[{\"type\":\"button_item\",\"props\":{\"button_style\":\"secondary\",\"content\":\"Varaa aika\",\"icon_align\":\"left\",\"link\":\"https:\\\/\\\/timma.fi\\\/parturikampaamosavel\",\"link_title\":\"Varaa aika\"}}]},{\"type\":\"slideshow\",\"props\":{\"image_width\":\"2560\",\"link_fullwidth\":false,\"link_parallax_y\":\"-60,0,190\",\"link_style\":\"secondary\",\"link_target\":true,\"link_text\":\"Ajanvaraus\",\"margin\":\"default\",\"meta_align\":\"above-title\",\"meta_color\":\"warning\",\"meta_element\":\"div\",\"meta_parallax_y\":\"70,0,-100\",\"meta_style\":\"h6\",\"nav\":\"\",\"nav_align\":\"center\",\"nav_breakpoint\":\"s\",\"nav_position\":\"bottom-center\",\"nav_position_margin\":\"large\",\"overlay_animation\":\"parallax\",\"overlay_container\":\"large\",\"overlay_position\":\"center-left\",\"overlay_width\":\"xlarge\",\"show_content\":true,\"show_link\":true,\"show_meta\":true,\"show_thumbnail\":true,\"show_title\":true,\"slidenav\":\"\",\"slidenav_breakpoint\":\"s\",\"slidenav_margin\":\"medium\",\"slidenav_outside_breakpoint\":\"xl\",\"slideshow_animation\":\"pull\",\"slideshow_autoplay\":true,\"slideshow_autoplay_pause\":true,\"slideshow_max_height\":\"0\",\"slideshow_min_height\":\"150\",\"slideshow_velocity\":\"1.4\",\"text_align\":\"left\",\"text_align_breakpoint\":\"s\",\"text_align_fallback\":\"center\",\"thumbnav_height\":\"95\",\"thumbnav_svg_color\":\"emphasis\",\"thumbnav_width\":\"110\",\"title_color\":\"warning\",\"title_element\":\"h2\",\"title_parallax_x\":\"320,0,-250\",\"title_style\":\"heading-medium\",\"visibility\":\"hidden-m\"},\"children\":[{\"type\":\"slideshow_item\",\"props\":{\"image\":\"wp-content\\\/uploads\\\/2021\\\/06\\\/Kuva1-1.png\",\"meta\":\"\",\"title\":\"\"}},{\"type\":\"slideshow_item\",\"props\":{\"image\":\"wp-content\\\/uploads\\\/2021\\\/06\\\/Kuva_2-1.png\",\"link_text\":\"Ajanvaraus\",\"meta\":\"\",\"title\":\"\"}},{\"type\":\"slideshow_item\",\"props\":{\"image\":\"wp-content\\\/uploads\\\/2021\\\/06\\\/Kuva3-1.png\",\"link_text\":\"Ajanvaraus\",\"meta\":\"\",\"title\":\"\"}}]}]}]}]},{\"name\":\"Instagram\",\"type\":\"section\",\"props\":{\"animation\":\"slide-left-medium\",\"header_overlay\":\"light\",\"height_viewport\":false,\"id\":\"Instagram\",\"image\":\"wp-content\\\/uploads\\\/2021\\\/06\\\/koukero.png\",\"image_position\":\"top-left\",\"padding_remove_bottom\":false,\"padding_remove_top\":false,\"status\":\"disabled\",\"style\":\"default\",\"title\":\"Instagram\",\"title_breakpoint\":\"xl\",\"title_position\":\"center-left\",\"title_rotation\":\"left\",\"vertical_align\":\"middle\",\"width\":\"large\"},\"children\":[{\"type\":\"row\",\"props\":{\"column_gap\":\"large\",\"margin\":\"default\",\"match\":false,\"row_gap\":\"large\",\"vertical_align\":true},\"children\":[{\"type\":\"column\",\"props\":{\"image_position\":\"center-center\",\"position_sticky_breakpoint\":\"m\",\"vertical_align\":\"middle\"},\"children\":[{\"type\":\"headline\",\"props\":{\"content\":\"Yritys\",\"margin\":\"large\",\"title_color\":\"primary\",\"title_element\":\"h2\"}},{\"type\":\"text\",\"props\":{\"column_breakpoint\":\"m\",\"content\":\"\n\n<p><b class=\\\"\\\">Parturi-kampaamo S\\u00e4vel on<\\\/b> palvellut asiakkaitaan jo vuodesta 1995 l\\u00e4htien. Kouluttaudumme jatkuvasti ollaksemme eri trendien ja tekniikoiden aallonharjalla ja taataksemme parhaimman lopputuloksen juuri Sinulle. Meilt\\u00e4 saat kaikki parturi-kampaamoalan ty\\u00f6t joustavasti ja ammattitaidolla. Erikoisosaamisena erilaiset hiustenpidennykset sek\\u00e4 -tuuhennukset. K\\u00e4yt\\u00f6ss\\u00e4mme meill\\u00e4 on laadukkaat Simply Natural, Mago sek\\u00e4 Bp-tuotemerkit. \\u00a0Kierr\\u00e4tys ja ekologisuus \\u00a0on meille t\\u00e4rke\\u00e4 asia ja pyrimme toimimaan kampaamon arjessa ymp\\u00e4rist\\u00f6\\u00e4 mahdollisimman v\\u00e4h\\u00e4n kuormittaen. Olemme innokkaita, yst\\u00e4v\\u00e4llisi\\u00e4 ja meille on aina helppo tulla. Varaa aikasi heti!<\\\/p>\",\"margin\":\"default\",\"text_color\":\"primary\"}},{\"type\":\"headline\",\"props\":{\"content\":\"Instagram\",\"margin\":\"large\",\"title_color\":\"primary\",\"title_element\":\"h2\"}},{\"type\":\"html\",\"props\":{\"content\":\"[instagram-feed]\",\"id\":\"Instagram\"},\"name\":\"Instagram\"}]}]}]},{\"type\":\"section\",\"props\":{\"id\":\"Ajanvaraus\",\"image_position\":\"center-center\",\"style\":\"default\",\"title\":\"Ajanvaraus\",\"title_breakpoint\":\"xl\",\"title_position\":\"top-left\",\"title_rotation\":\"left\",\"vertical_align\":\"middle\",\"width\":\"large\"},\"children\":[{\"type\":\"row\",\"children\":[{\"type\":\"column\",\"props\":{\"image_position\":\"center-center\",\"position_sticky_breakpoint\":\"m\"},\"children\":[{\"type\":\"headline\",\"props\":{\"content\":\"Ajanvaraus\",\"margin\":\"large\",\"title_color\":\"primary\",\"title_element\":\"h2\"}},{\"type\":\"html\",\"props\":{\"class\":\"uk-visible@l\",\"content\":\"[advanced_iframe use_shortcode_attributes_only=\\\"true\\\" src=\\\"https:\\\/\\\/timma.fi\\\/parturikampaamosavel\\\" id=\\\"not-set\\\" height=\\\"900\\\" width=\\\"800\\\" show_part_of_iframe=\\\"true\\\" show_part_of_iframe_x=\\\"13\\\" show_part_of_iframe_y=\\\"228\\\" show_part_of_iframe_width=\\\"757\\\" show_part_of_iframe_height=\\\"602\\\"]\\n\"}},{\"type\":\"button\",\"props\":{\"grid_column_gap\":\"small\",\"grid_row_gap\":\"small\",\"margin\":\"default\",\"visibility\":\"hidden-l\"},\"children\":[{\"type\":\"button_item\",\"props\":{\"button_style\":\"secondary\",\"content\":\"T\\u00e4st\\u00e4 ajanvaraukseen\",\"icon\":\"social\",\"icon_align\":\"left\",\"link\":\"https:\\\/\\\/timma.fi\\\/parturikampaamosavel\",\"link_target\":\"blank\"}}]}]}]}],\"name\":\"Ajanvaraus\"},{\"type\":\"section\",\"props\":{\"id\":\"Sijainti\",\"image\":\"wp-content\\\/uploads\\\/2021\\\/06\\\/koukero.png\",\"image_position\":\"bottom-left\",\"style\":\"default\",\"title\":\"Sijainti\",\"title_breakpoint\":\"xl\",\"title_position\":\"top-left\",\"title_rotation\":\"left\",\"vertical_align\":\"middle\",\"width\":\"large\"},\"children\":[{\"type\":\"row\",\"children\":[{\"type\":\"column\",\"props\":{\"image_position\":\"center-center\",\"position_sticky_breakpoint\":\"m\"},\"children\":[{\"type\":\"headline\",\"props\":{\"content\":\"Sijainti\",\"margin\":\"large\",\"title_color\":\"primary\",\"title_element\":\"h2\"}},{\"type\":\"map\",\"props\":{\"controls\":true,\"dragging\":false,\"height\":\"500\",\"image_svg_color\":\"emphasis\",\"link_style\":\"default\",\"link_text\":\"Read more\",\"margin\":\"default\",\"max_zoom\":18,\"meta_align\":\"below-title\",\"meta_element\":\"div\",\"meta_style\":\"text-meta\",\"min_zoom\":0,\"poi\":false,\"show_content\":true,\"show_image\":true,\"show_link\":true,\"show_meta\":true,\"show_title\":true,\"title_element\":\"h3\",\"title_hover_style\":\"reset\",\"type\":\"roadmap\",\"zoom\":\"15\",\"zooming\":false},\"children\":[{\"type\":\"map_item\",\"props\":{\"content\":\"\n\n<p><span>Puhelin: <a href=\\\"tel:+35826333337\\\">02 633 3337<\\\/a><br \\\/>S\\u00e4hk\\u00f6posti: <a href=\\\"mailto:info@parturikampaamosavel.fi\\\">info@parturikampaamosavel.fi<\\\/a><br \\\/><\\\/span><span><a href=\\\"https:\\\/\\\/goo.gl\\\/maps\\\/HdKrgR2wD3eZxq6p7\\\">Gallen-Kallelankatu 13, Pori<\\\/a><\\\/span><\\\/p>\",\"location\":\"61.4874,21.7913\",\"title\":\"Parturi-Kampaamo S\\u00e4vel\"}}]}]}]}],\"name\":\"Sijainti\"},{\"name\":\"Yhteys\",\"type\":\"section\",\"props\":{\"animation\":\"slide-right-medium\",\"animation_delay\":false,\"id\":\"Yhteys\",\"image_effect\":\"parallax\",\"image_parallax_bgx\":\"-50,10\",\"image_parallax_easing\":\"1\",\"image_position\":\"bottom-center\",\"media_visibility\":\"l\",\"padding_remove_bottom\":false,\"padding_remove_top\":false,\"style\":\"primary\",\"title_breakpoint\":\"xl\",\"title_position\":\"top-left\",\"title_rotation\":\"left\",\"vertical_align\":\"middle\",\"width\":\"large\"},\"children\":[{\"type\":\"row\",\"children\":[{\"type\":\"column\",\"props\":{\"image_position\":\"center-center\",\"position_sticky_breakpoint\":\"m\"},\"children\":[{\"type\":\"headline\",\"props\":{\"content\":\"Yhteys\",\"title_color\":\"emphasis\",\"title_element\":\"h2\"}}]}]},{\"type\":\"row\",\"props\":{\"column_gap\":\"large\",\"layout\":\"1-2,1-2\",\"margin\":\"default\",\"match\":false,\"row_gap\":\"large\",\"vertical_align\":true},\"children\":[{\"type\":\"column\",\"props\":{\"image_position\":\"center-center\",\"position_sticky_breakpoint\":\"m\",\"vertical_align\":\"middle\",\"width_medium\":\"1-2\"},\"children\":[{\"type\":\"image\",\"props\":{\"animation\":\"slide-left-medium\",\"block_align\":\"center\",\"image\":\"wp-content\\\/uploads\\\/2021\\\/07\\\/Parturikampaamo_savel.jpg\",\"image_box_shadow\":\"large\",\"image_svg_color\":\"emphasis\",\"image_width\":\"400\",\"margin\":\"default\",\"maxwidth\":\"2xlarge\",\"maxwidth_breakpoint\":\"m\",\"text_align\":\"left\",\"text_align_breakpoint\":\"m\",\"text_align_fallback\":\"center\"}}]},{\"type\":\"column\",\"props\":{\"image_position\":\"center-center\",\"position_sticky_breakpoint\":\"m\",\"vertical_align\":\"middle\",\"width_medium\":\"1-2\"},\"children\":[{\"type\":\"text\",\"props\":{\"column_breakpoint\":\"m\",\"content\":\"\n\n<p>Yhteystiedot<\\\/p>\",\"margin\":\"default\",\"text_align\":\"left\",\"text_align_breakpoint\":\"m\",\"text_align_fallback\":\"center\",\"text_color\":\"emphasis\",\"text_style\":\"meta\"}},{\"type\":\"headline\",\"props\":{\"content\":\"<a href=\\\"tel:+35826333337\\\">02 633 3337<\\\/a>\",\"link\":\"tel:+99555123456\",\"margin\":\"medium\",\"margin_remove_top\":true,\"text_align\":\"left\",\"text_align_breakpoint\":\"m\",\"text_align_fallback\":\"center\",\"title_element\":\"h2\",\"title_style\":\"h1\"}},{\"type\":\"button\",\"props\":{\"grid_column_gap\":\"small\",\"grid_row_gap\":\"small\",\"margin\":\"default\",\"text_align\":\"left\",\"text_align_breakpoint\":\"m\",\"text_align_fallback\":\"center\"},\"children\":[{\"type\":\"button_item\",\"props\":{\"button_style\":\"primary\",\"content\":\"L\\u00e4het\\u00e4 s\\u00e4hk\\u00f6postia\",\"icon_align\":\"left\",\"link\":\"mailto:info@parturikampaamosavel.fi\"}}]},{\"type\":\"grid\",\"props\":{\"content_column_breakpoint\":\"m\",\"filter_align\":\"left\",\"filter_all\":true,\"filter_grid_breakpoint\":\"m\",\"filter_grid_width\":\"auto\",\"filter_position\":\"top\",\"filter_style\":\"tab\",\"grid_default\":\"1\",\"grid_medium\":\"\",\"grid_small\":\"2\",\"icon_width\":80,\"image_align\":\"top\",\"image_grid_breakpoint\":\"m\",\"image_grid_width\":\"1-2\",\"image_svg_color\":\"emphasis\",\"item_animation\":true,\"link_style\":\"default\",\"link_text\":\"Read more\",\"margin\":\"large\",\"margin_remove_bottom\":true,\"meta_align\":\"below-title\",\"meta_color\":\"primary\",\"meta_element\":\"div\",\"meta_style\":\"text-meta\",\"parallax_easing\":\"1\",\"show_content\":true,\"show_image\":true,\"show_link\":true,\"show_meta\":true,\"show_title\":true,\"text_align\":\"left\",\"text_align_breakpoint\":\"m\",\"text_align_fallback\":\"center\",\"title_align\":\"top\",\"title_color\":\"emphasis\",\"title_element\":\"h3\",\"title_grid_breakpoint\":\"m\",\"title_grid_width\":\"1-2\",\"title_hover_style\":\"reset\",\"title_style\":\"h5\"},\"children\":[{\"type\":\"grid_item\",\"props\":{\"content\":\"\n\n<p>Tiistai - perjantai: 10 - 17<br \\\/>Lauantai: 09 - 13<br \\\/>Sunnuntai - maanantai: suljettu<\\\/p>\",\"title\":\"Avoinna\"}},{\"type\":\"grid_item\",\"props\":{\"content\":\"\n\n<p>Gallen-Kallelankatu 13<br \\\/>28100 PORI<\\\/p>\",\"title\":\"Osoite\"}}]},{\"type\":\"text\",\"props\":{\"column_breakpoint\":\"m\",\"content\":\"\n\n<p><i class=\\\"\\\">Liikkeen edess\\u00e4 on 1 h kiekkopaikka ja korttelin s\\u00e4teell\\u00e4 l\\u00f6ytyy paljon ilmaista parkkitilaa.<\\\/i><\\\/p>\",\"margin\":\"default\",\"margin_remove_top\":false}},{\"type\":\"social\",\"props\":{\"block_align\":\"center\",\"grid\":\"horizontal\",\"grid_gap\":\"small\",\"image_svg_inline\":true,\"link_style\":\"link\",\"link_target\":true,\"margin\":\"default\",\"text_align\":\"left\",\"text_align_breakpoint\":\"m\",\"text_align_fallback\":\"center\"},\"children\":[{\"type\":\"social_item\",\"props\":{\"link\":\"https:\\\/\\\/www.facebook.com\\\/ParturiKampaamoSavel\"}},{\"type\":\"social_item\",\"props\":{\"link\":\"https:\\\/\\\/www.instagram.com\\\/parturikampaamosavel\\\/\"}}]}]}]}],\"modified\":\"2021-06-04T06:55:33.493Z\"},{\"name\":\"Footer\",\"type\":\"section\",\"props\":{\"animation\":\"fade\",\"image_position\":\"center-center\",\"image_size\":\"cover\",\"style\":\"default\",\"title_breakpoint\":\"xl\",\"title_position\":\"top-left\",\"title_rotation\":\"left\",\"vertical_align\":\"middle\",\"width\":\"large\"},\"children\":[{\"type\":\"row\",\"props\":{\"vertical_align\":false},\"children\":[{\"type\":\"column\",\"props\":{\"image_position\":\"center-center\",\"position_sticky_breakpoint\":\"m\",\"width_medium\":\"1-1\"},\"children\":[{\"type\":\"totop\",\"props\":{\"margin\":\"default\",\"text_align\":\"center\",\"title_grid_column_gap\":\"small\",\"title_grid_row_gap\":\"small\"}},{\"type\":\"subnav\",\"props\":{\"animation\":\"slide-bottom-small\",\"inline_align\":\"center\",\"subnav_style\":\"divider\",\"text_align\":\"center\"},\"children\":[{\"type\":\"subnav_item\",\"props\":{\"content\":\"Yl\\u00f6s\",\"link\":\"#Etusivu\"}},{\"type\":\"subnav_item\",\"props\":{\"content\":\"Instagram\",\"link\":\"#Instagram\"}},{\"type\":\"subnav_item\",\"props\":{\"content\":\"Ajanvaraus\",\"link\":\"#Ajanvaraus\"}},{\"type\":\"subnav_item\",\"props\":{\"content\":\"Sijainti\",\"link\":\"#Sijainti\"}},{\"type\":\"subnav_item\",\"props\":{\"content\":\"Yhteys\",\"link\":\"#Yhteys\"}}]},{\"type\":\"image\",\"props\":{\"image\":\"wp-content\\\/uploads\\\/2021\\\/06\\\/logo_musta.png\",\"image_height\":\"150\",\"image_svg_color\":\"emphasis\",\"margin\":\"default\",\"text_align\":\"center\"}},{\"type\":\"text\",\"props\":{\"column_breakpoint\":\"m\",\"content\":\"\n\n<p>\\u00a9 <script> document.currentScript.insertAdjacentHTML('afterend', '<time datetime=\\\"' + new Date().toJSON() + '\\\">' + new Intl.DateTimeFormat(document.documentElement.lang, {year: 'numeric'}).format() + '<\\\/time>'); <\\\/script> Parturi-Kampaamo S\\u00e4vel. Kaikki oikeudet pidet\\u00e4\\u00e4n.<br \\\/>Powered by <a class=\\\"uk-link-text\\\" href=\\\"https:\\\/\\\/design.yt\\\/\\\">WWW Design<\\\/a>.<\\\/p>\",\"margin\":\"medium\",\"margin_remove_bottom\":false,\"text_align\":\"center\",\"text_color\":\"muted\",\"text_style\":\"small\"}}]}]}]}],\"version\":\"4.2.12\"} --><\/p>\n","protected":false},"excerpt":{"rendered":"<p>Tervetuloa S\u00e4veleen! Varaa aika Tervetuloa S\u00e4veleen! Ajanvaraus Tervetuloa S\u00e4veleen! Ajanvaraus Ammattitaidolla ja yksil\u00f6llisesti Tervetuloa S\u00e4veleen! Varaa aika Ajanvaraus T\u00e4st\u00e4 ajanvaraukseen Sijainti 61.4874,21.7913 Parturi-Kampaamo S\u00e4vel Puhelin: 02 633 3337S\u00e4hk\u00f6posti: info@parturikampaamosavel.fiGallen-Kallelankatu 13, Pori Yhteys Yhteystiedot 02 633 3337 L\u00e4het\u00e4 s\u00e4hk\u00f6postia Avoinna Tiistai &#8211; perjantai: 10 &#8211; 17Lauantai: 09 &#8211; 13Sunnuntai &#8211; maanantai: suljettu Osoite Gallen-Kallelankatu 1328100 PORI [&hellip;]<\/p>\n","protected":false},"author":1,"featured_media":0,"parent":0,"menu_order":3,"comment_status":"open","ping_status":"closed","template":"","meta":{"_acf_changed":false,"footnotes":""},"class_list":["post-1","page","type-page","status-publish","hentry"],"acf":[],"_links":{"self":[{"href":"https:\/\/parturikampaamosavel.fi\/index.php?rest_route=\/wp\/v2\/pages\/1","targetHints":{"allow":["GET"]}}],"collection":[{"href":"https:\/\/parturikampaamosavel.fi\/index.php?rest_route=\/wp\/v2\/pages"}],"about":[{"href":"https:\/\/parturikampaamosavel.fi\/index.php?rest_route=\/wp\/v2\/types\/page"}],"author":[{"embeddable":true,"href":"https:\/\/parturikampaamosavel.fi\/index.php?rest_route=\/wp\/v2\/users\/1"}],"replies":[{"embeddable":true,"href":"https:\/\/parturikampaamosavel.fi\/index.php?rest_route=%2Fwp%2Fv2%2Fcomments&post=1"}],"version-history":[{"count":157,"href":"https:\/\/parturikampaamosavel.fi\/index.php?rest_route=\/wp\/v2\/pages\/1\/revisions"}],"predecessor-version":[{"id":1345,"href":"https:\/\/parturikampaamosavel.fi\/index.php?rest_route=\/wp\/v2\/pages\/1\/revisions\/1345"}],"wp:attachment":[{"href":"https:\/\/parturikampaamosavel.fi\/index.php?rest_route=%2Fwp%2Fv2%2Fmedia&parent=1"}],"curies":[{"name":"wp","href":"https:\/\/api.w.org\/{rel}","templated":true}]}}